{"id":2306,"date":"2015-02-27T17:26:13","date_gmt":"2015-02-27T16:26:13","guid":{"rendered":"http:\/\/www.mollificiomazzoni.com\/?page_id=2306"},"modified":"2023-09-06T09:31:28","modified_gmt":"2023-09-06T07:31:28","slug":"qualita","status":"publish","type":"page","link":"https:\/\/temp.mollificiomazzoni.com\/de\/qualita\/","title":{"rendered":"Qualit\u00e4t"},"content":{"rendered":"<p><\/p>\n<h2>Qualit\u00e4tskontrolle<\/h2>\n<p>Zus\u00e4tzlich zu den gebr\u00e4uchlichen Kontroll- und Messwerkzeugen verf\u00fcgt unser Unternehmen auch \u00fcber elektronische Dynamometer f\u00fcr Druck- und Zugfedern, Torsionsmesser, H\u00e4rtemessger\u00e4te und Profilprojektoren.<\/p>\n<div class=\"row clearfix\"><ul class=\"photo_gallery shortcode\" data-rt-animation-group=\"group\">\n\n\t\t<li class=\"box four first\" data-rt-animate=\"animate\" data-rt-animation-type=\"fadeIn\">\n\t\t\t<div class=\"imgeffect\">\t\n\t\t\t\t<a id=\"lightbox-711849\" class=\"icon-zoom-in lightbox_ single\" data-group=\"331060\" title=\"Enlarge Image\" data-title=\"\" data-description=\"\" data-thumbnail=\"https:\/\/temp.mollificiomazzoni.com\/\/wp-content\/uploads\/2015\/09\/quality_01.jpg\" data-thumbTooltip=\"\" data-scaleUp=\"\" data-href=\"\" data-width=\"\" data-height=\"\" data-flashHasPriority=\"\" data-poster=\"\" data-autoplay=\"\" data-audiotitle=\"\" href=\"https:\/\/temp.mollificiomazzoni.com\/\/wp-content\/uploads\/2015\/09\/quality_01.jpg\"><\/a>\t\t\t\t\t\t\t\n\t\t\t\t<img decoding=\"async\" loading=\"lazy\" src=\"https:\/\/temp.mollificiomazzoni.com\/\/wp-content\/uploads\/2015\/09\/quality_01.jpg\" alt=\"\"> \t\t\t\t\t\t\t\t\t\n\t\t\t<\/div>\n\t\t\t \t\n\t\t<\/li>\n\t\n\n\t\t<li class=\"box four\" data-rt-animate=\"animate\" data-rt-animation-type=\"fadeIn\">\n\t\t\t<div class=\"imgeffect\">\t\n\t\t\t\t<a id=\"lightbox-132363\" class=\"icon-zoom-in lightbox_ single\" data-group=\"331060\" title=\"Enlarge Image\" data-title=\"\" data-description=\"\" data-thumbnail=\"https:\/\/temp.mollificiomazzoni.com\/\/wp-content\/uploads\/2015\/09\/quality_02.jpg\" data-thumbTooltip=\"\" data-scaleUp=\"\" data-href=\"\" data-width=\"\" data-height=\"\" data-flashHasPriority=\"\" data-poster=\"\" data-autoplay=\"\" data-audiotitle=\"\" href=\"https:\/\/temp.mollificiomazzoni.com\/\/wp-content\/uploads\/2015\/09\/quality_02.jpg\"><\/a>\t\t\t\t\t\t\t\n\t\t\t\t<img decoding=\"async\" loading=\"lazy\" src=\"https:\/\/temp.mollificiomazzoni.com\/\/wp-content\/uploads\/2015\/09\/quality_02.jpg\" alt=\"\"> \t\t\t\t\t\t\t\t\t\n\t\t\t<\/div>\n\t\t\t \t\n\t\t<\/li>\n\t\n\n\t\t<li class=\"box four\" data-rt-animate=\"animate\" data-rt-animation-type=\"fadeIn\">\n\t\t\t<div class=\"imgeffect\">\t\n\t\t\t\t<a id=\"lightbox-211622\" class=\"icon-zoom-in lightbox_ single\" data-group=\"331060\" title=\"Enlarge Image\" data-title=\"\" data-description=\"\" data-thumbnail=\"https:\/\/temp.mollificiomazzoni.com\/\/wp-content\/uploads\/2015\/09\/quality_03.jpg\" data-thumbTooltip=\"\" data-scaleUp=\"\" data-href=\"\" data-width=\"\" data-height=\"\" data-flashHasPriority=\"\" data-poster=\"\" data-autoplay=\"\" data-audiotitle=\"\" href=\"https:\/\/temp.mollificiomazzoni.com\/\/wp-content\/uploads\/2015\/09\/quality_03.jpg\"><\/a>\t\t\t\t\t\t\t\n\t\t\t\t<img decoding=\"async\" loading=\"lazy\" src=\"https:\/\/temp.mollificiomazzoni.com\/\/wp-content\/uploads\/2015\/09\/quality_03.jpg\" alt=\"\"> \t\t\t\t\t\t\t\t\t\n\t\t\t<\/div>\n\t\t\t \t\n\t\t<\/li>\n\t\n\n\t\t<li class=\"box four last\" data-rt-animate=\"animate\" data-rt-animation-type=\"fadeIn\">\n\t\t\t<div class=\"imgeffect\">\t\n\t\t\t\t<a id=\"lightbox-206436\" class=\"icon-zoom-in lightbox_ single\" data-group=\"331060\" title=\"Enlarge Image\" data-title=\"\" data-description=\"\" data-thumbnail=\"https:\/\/temp.mollificiomazzoni.com\/\/wp-content\/uploads\/2015\/09\/quality_04.jpg\" data-thumbTooltip=\"\" data-scaleUp=\"\" data-href=\"\" data-width=\"\" data-height=\"\" data-flashHasPriority=\"\" data-poster=\"\" data-autoplay=\"\" data-audiotitle=\"\" href=\"https:\/\/temp.mollificiomazzoni.com\/\/wp-content\/uploads\/2015\/09\/quality_04.jpg\"><\/a>\t\t\t\t\t\t\t\n\t\t\t\t<img decoding=\"async\" loading=\"lazy\" src=\"https:\/\/temp.mollificiomazzoni.com\/\/wp-content\/uploads\/2015\/09\/quality_04.jpg\" alt=\"\"> \t\t\t\t\t\t\t\t\t\n\t\t\t<\/div>\n\t\t\t \t\n\t\t<\/li>\n\t\n\n\t\t<li class=\"box four first\" data-rt-animate=\"animate\" data-rt-animation-type=\"fadeIn\">\n\t\t\t<div class=\"imgeffect\">\t\n\t\t\t\t<a id=\"lightbox-233340\" class=\"icon-zoom-in lightbox_ single\" data-group=\"331060\" title=\"Enlarge Image\" data-title=\"\" data-description=\"\" data-thumbnail=\"https:\/\/temp.mollificiomazzoni.com\/\/wp-content\/uploads\/2015\/09\/quality_05.jpg\" data-thumbTooltip=\"\" data-scaleUp=\"\" data-href=\"\" data-width=\"\" data-height=\"\" data-flashHasPriority=\"\" data-poster=\"\" data-autoplay=\"\" data-audiotitle=\"\" href=\"https:\/\/temp.mollificiomazzoni.com\/\/wp-content\/uploads\/2015\/09\/quality_05.jpg\"><\/a>\t\t\t\t\t\t\t\n\t\t\t\t<img decoding=\"async\" loading=\"lazy\" src=\"https:\/\/temp.mollificiomazzoni.com\/\/wp-content\/uploads\/2015\/09\/quality_05.jpg\" alt=\"\"> \t\t\t\t\t\t\t\t\t\n\t\t\t<\/div>\n\t\t\t \t\n\t\t<\/li>\n\t\n\n\t\t<li class=\"box four\" data-rt-animate=\"animate\" data-rt-animation-type=\"fadeIn\">\n\t\t\t<div class=\"imgeffect\">\t\n\t\t\t\t<a id=\"lightbox-879152\" class=\"icon-zoom-in lightbox_ single\" data-group=\"331060\" title=\"Enlarge Image\" data-title=\"\" data-description=\"\" data-thumbnail=\"https:\/\/temp.mollificiomazzoni.com\/\/wp-content\/uploads\/2015\/09\/quality_06.jpg\" data-thumbTooltip=\"\" data-scaleUp=\"\" data-href=\"\" data-width=\"\" data-height=\"\" data-flashHasPriority=\"\" data-poster=\"\" data-autoplay=\"\" data-audiotitle=\"\" href=\"https:\/\/temp.mollificiomazzoni.com\/\/wp-content\/uploads\/2015\/09\/quality_06.jpg\"><\/a>\t\t\t\t\t\t\t\n\t\t\t\t<img decoding=\"async\" loading=\"lazy\" src=\"https:\/\/temp.mollificiomazzoni.com\/\/wp-content\/uploads\/2015\/09\/quality_06.jpg\" alt=\"\"> \t\t\t\t\t\t\t\t\t\n\t\t\t<\/div>\n\t\t\t \t\n\t\t<\/li>\n\t\n\n\t\t<li class=\"box four\" data-rt-animate=\"animate\" data-rt-animation-type=\"fadeIn\">\n\t\t\t<div class=\"imgeffect\">\t\n\t\t\t\t<a id=\"lightbox-233482\" class=\"icon-zoom-in lightbox_ single\" data-group=\"331060\" title=\"Enlarge Image\" data-title=\"\" data-description=\"\" data-thumbnail=\"https:\/\/temp.mollificiomazzoni.com\/\/wp-content\/uploads\/2015\/09\/quality_07.jpg\" data-thumbTooltip=\"\" data-scaleUp=\"\" data-href=\"\" data-width=\"\" data-height=\"\" data-flashHasPriority=\"\" data-poster=\"\" data-autoplay=\"\" data-audiotitle=\"\" href=\"https:\/\/temp.mollificiomazzoni.com\/\/wp-content\/uploads\/2015\/09\/quality_07.jpg\"><\/a>\t\t\t\t\t\t\t\n\t\t\t\t<img decoding=\"async\" loading=\"lazy\" src=\"https:\/\/temp.mollificiomazzoni.com\/\/wp-content\/uploads\/2015\/09\/quality_07.jpg\" alt=\"\"> \t\t\t\t\t\t\t\t\t\n\t\t\t<\/div>\n\t\t\t \t\n\t\t<\/li>\n\t\n\n\t\t<li class=\"box four last\" data-rt-animate=\"animate\" data-rt-animation-type=\"fadeIn\">\n\t\t\t<div class=\"imgeffect\">\t\n\t\t\t\t<a id=\"lightbox-776821\" class=\"icon-zoom-in lightbox_ single\" data-group=\"331060\" title=\"Enlarge Image\" data-title=\"\" data-description=\"\" data-thumbnail=\"https:\/\/temp.mollificiomazzoni.com\/\/wp-content\/uploads\/2015\/09\/quality_08.jpg\" data-thumbTooltip=\"\" data-scaleUp=\"\" data-href=\"\" data-width=\"\" data-height=\"\" data-flashHasPriority=\"\" data-poster=\"\" data-autoplay=\"\" data-audiotitle=\"\" href=\"https:\/\/temp.mollificiomazzoni.com\/\/wp-content\/uploads\/2015\/09\/quality_08.jpg\"><\/a>\t\t\t\t\t\t\t\n\t\t\t\t<img decoding=\"async\" loading=\"lazy\" src=\"https:\/\/temp.mollificiomazzoni.com\/\/wp-content\/uploads\/2015\/09\/quality_08.jpg\" alt=\"\"> \t\t\t\t\t\t\t\t\t\n\t\t\t<\/div>\n\t\t\t \t\n\t\t<\/li>\n\t\n<\/ul><div class=\"clear\"><\/div><\/div>\n<div class=\"clearfix\" style=\"height:40px\"><\/div>\n<h2>Qualit\u00e4tssystem<\/h2>\n<p>Mollificio Mazzoni besitzt ein zertifiziertes Qualit\u00e4tssystem, welches den Normen <strong>ISO 9001<\/strong> (seit 1998), <strong>ISO TS 16949<\/strong> (seit 2005),\u00a0 <strong>IATF 16949<\/strong> (seit 2017) entspricht.<\/p>\n<div class=\"row clearfix\"><ul class=\"photo_gallery shortcode\" data-rt-animation-group=\"group\">\n\n\t\t<li class=\"box three first\" data-rt-animate=\"animate\" data-rt-animation-type=\"fadeIn\">\n\t\t\t<div class=\"imgeffect\">\t\n\t\t\t\t<a id=\"lightbox-464556\" class=\"icon-zoom-in lightbox_ single\" data-group=\"344574\" title=\"Enlarge Image\" data-title=\"\" data-description=\"\" data-thumbnail=\"https:\/\/temp.mollificiomazzoni.com\/\/wp-content\/uploads\/2021\/02\/Mollificio-Mazzoni-Certificato-ISO-9001.jpg\" data-thumbTooltip=\"\" data-scaleUp=\"\" data-href=\"\" data-width=\"\" data-height=\"\" data-flashHasPriority=\"\" data-poster=\"\" data-autoplay=\"\" data-audiotitle=\"\" href=\"https:\/\/temp.mollificiomazzoni.com\/\/wp-content\/uploads\/2021\/02\/Mollificio-Mazzoni-Certificato-ISO-9001.jpg\"><\/a>\t\t\t\t\t\t\t\n\t\t\t\t<img decoding=\"async\" loading=\"lazy\" src=\"https:\/\/temp.mollificiomazzoni.com\/\/wp-content\/uploads\/2021\/02\/Mollificio-Mazzoni-Certificato-ISO-9001.jpg\" alt=\"\"> \t\t\t\t\t\t\t\t\t\n\t\t\t<\/div>\n\t\t\t \t\n\t\t<\/li>\n\t\n\n\t\t<li class=\"box three\" data-rt-animate=\"animate\" data-rt-animation-type=\"fadeIn\">\n\t\t\t<div class=\"imgeffect\">\t\n\t\t\t\t<a id=\"lightbox-896633\" class=\"icon-zoom-in lightbox_ single\" data-group=\"344574\" title=\"Enlarge Image\" data-title=\"\" data-description=\"\" data-thumbnail=\"https:\/\/temp.mollificiomazzoni.com\/\/wp-content\/uploads\/2021\/02\/Mollificio-Mazzoni-Certificato-IAFT-16949.jpg\" data-thumbTooltip=\"\" data-scaleUp=\"\" data-href=\"\" data-width=\"\" data-height=\"\" data-flashHasPriority=\"\" data-poster=\"\" data-autoplay=\"\" data-audiotitle=\"\" href=\"https:\/\/temp.mollificiomazzoni.com\/\/wp-content\/uploads\/2021\/02\/Mollificio-Mazzoni-Certificato-IAFT-16949.jpg\"><\/a>\t\t\t\t\t\t\t\n\t\t\t\t<img decoding=\"async\" loading=\"lazy\" src=\"https:\/\/temp.mollificiomazzoni.com\/\/wp-content\/uploads\/2021\/02\/Mollificio-Mazzoni-Certificato-IAFT-16949.jpg\" alt=\"\"> \t\t\t\t\t\t\t\t\t\n\t\t\t<\/div>\n\t\t\t \t\n\t\t<\/li>\n\t\n\n\t\t<li class=\"box three last\" data-rt-animate=\"animate\" data-rt-animation-type=\"fadeIn\">\n\t\t\t<div class=\"imgeffect\">\t\n\t\t\t\t<a id=\"lightbox-392755\" class=\"icon-zoom-in lightbox_ single\" data-group=\"344574\" title=\"Enlarge Image\" data-title=\"\" data-description=\"\" data-thumbnail=\"https:\/\/temp.mollificiomazzoni.com\/\/wp-content\/uploads\/2021\/02\/Mollificio-Mazzoni-Certificato-IQNET.jpg\" data-thumbTooltip=\"\" data-scaleUp=\"\" data-href=\"\" data-width=\"\" data-height=\"\" data-flashHasPriority=\"\" data-poster=\"\" data-autoplay=\"\" data-audiotitle=\"\" href=\"https:\/\/temp.mollificiomazzoni.com\/\/wp-content\/uploads\/2021\/02\/Mollificio-Mazzoni-Certificato-IQNET.jpg\"><\/a>\t\t\t\t\t\t\t\n\t\t\t\t<img decoding=\"async\" loading=\"lazy\" src=\"https:\/\/temp.mollificiomazzoni.com\/\/wp-content\/uploads\/2021\/02\/Mollificio-Mazzoni-Certificato-IQNET.jpg\" alt=\"\"> \t\t\t\t\t\t\t\t\t\n\t\t\t<\/div>\n\t\t\t \t\n\t\t<\/li>\n\t\n<\/ul><div class=\"clear\"><\/div><\/div><\/p>","protected":false},"excerpt":{"rendered":"<p>Qualit\u00e4tskontrolle Zus\u00e4tzlich zu den gebr\u00e4uchlichen Kontroll- und Messwerkzeugen verf\u00fcgt unser Unternehmen auch \u00fcber elektronische Dynamometer f\u00fcr Druck- und Zugfedern, Torsionsmesser, H\u00e4rtemessger\u00e4te und Profilprojektoren. Qualit\u00e4tssystem Mollificio Mazzoni besitzt ein zertifiziertes Qualit\u00e4tssystem, welches den Normen ISO 9001 (seit 1998), ISO TS 16949 (seit 2005),\u00a0 IATF 16949 (seit 2017) entspricht.<\/p>\n","protected":false},"author":1,"featured_media":0,"parent":0,"menu_order":0,"comment_status":"open","ping_status":"closed","template":"","meta":{"footnotes":""},"class_list":["post-2306","page","type-page","status-publish","hentry"],"yoast_head":"<!-- This site is optimized with the Yoast SEO plugin v27.3 - https:\/\/yoast.com\/product\/yoast-seo-wordpress\/ -->\n<title>Qualit\u00e4t | Mollificio Mazzoni<\/title>\n<meta name=\"description\" content=\"Zus\u00e4tzlich zu den gebr\u00e4uchlichen Kontroll- und Messwerkzeugen verf\u00fcgt unser Unternehmen auch \u00fcber elektronische Dynamometer f\u00fcr Druck- und Zugfedern, Torsionsmesser, H\u00e4rtemessger\u00e4te und Profilprojektoren.\" \/>\n<meta name=\"robots\" content=\"noindex, follow, max-snippet:-1, max-image-preview:large, max-video-preview:-1\" \/>\n<meta property=\"og:locale\" content=\"de_DE\" \/>\n<meta property=\"og:type\" content=\"article\" \/>\n<meta property=\"og:title\" content=\"Qualit\u00e4t | Mollificio Mazzoni\" \/>\n<meta property=\"og:description\" content=\"Zus\u00e4tzlich zu den gebr\u00e4uchlichen Kontroll- und Messwerkzeugen verf\u00fcgt unser Unternehmen auch \u00fcber elektronische Dynamometer f\u00fcr Druck- und Zugfedern, Torsionsmesser, H\u00e4rtemessger\u00e4te und Profilprojektoren.\" \/>\n<meta property=\"og:url\" content=\"https:\/\/temp.mollificiomazzoni.com\/de\/qualita\/\" \/>\n<meta property=\"og:site_name\" content=\"Mollificio Mazzoni\" \/>\n<meta property=\"article:modified_time\" content=\"2023-09-06T07:31:28+00:00\" \/>\n<meta name=\"twitter:card\" content=\"summary_large_image\" \/>\n<meta name=\"twitter:label1\" content=\"Gesch\u00e4tzte Lesezeit\" \/>\n\t<meta name=\"twitter:data1\" content=\"1\u00a0Minute\" \/>\n<script type=\"application\/ld+json\" class=\"yoast-schema-graph\">{\"@context\":\"https:\\\/\\\/schema.org\",\"@graph\":[{\"@type\":\"WebPage\",\"@id\":\"https:\\\/\\\/temp.mollificiomazzoni.com\\\/de\\\/qualita\\\/\",\"url\":\"https:\\\/\\\/temp.mollificiomazzoni.com\\\/de\\\/qualita\\\/\",\"name\":\"Qualit\u00e4t | Mollificio Mazzoni\",\"isPartOf\":{\"@id\":\"https:\\\/\\\/temp.mollificiomazzoni.com\\\/de\\\/#website\"},\"datePublished\":\"2015-02-27T16:26:13+00:00\",\"dateModified\":\"2023-09-06T07:31:28+00:00\",\"description\":\"Zus\u00e4tzlich zu den gebr\u00e4uchlichen Kontroll- und Messwerkzeugen verf\u00fcgt unser Unternehmen auch \u00fcber elektronische Dynamometer f\u00fcr Druck- und Zugfedern, Torsionsmesser, H\u00e4rtemessger\u00e4te und Profilprojektoren.\",\"breadcrumb\":{\"@id\":\"https:\\\/\\\/temp.mollificiomazzoni.com\\\/de\\\/qualita\\\/#breadcrumb\"},\"inLanguage\":\"de\",\"potentialAction\":[{\"@type\":\"ReadAction\",\"target\":[[\"https:\\\/\\\/temp.mollificiomazzoni.com\\\/de\\\/qualita\\\/\"]]}]},{\"@type\":\"BreadcrumbList\",\"@id\":\"https:\\\/\\\/temp.mollificiomazzoni.com\\\/de\\\/qualita\\\/#breadcrumb\",\"itemListElement\":[{\"@type\":\"ListItem\",\"position\":1,\"name\":\"Home\",\"item\":\"https:\\\/\\\/temp.mollificiomazzoni.com\\\/de\\\/\"},{\"@type\":\"ListItem\",\"position\":2,\"name\":\"Qualit\u00e0\"}]},{\"@type\":\"WebSite\",\"@id\":\"https:\\\/\\\/temp.mollificiomazzoni.com\\\/de\\\/#website\",\"url\":\"https:\\\/\\\/temp.mollificiomazzoni.com\\\/de\\\/\",\"name\":\"Mollificio Mazzoni\",\"description\":\"Since 1968\",\"potentialAction\":[{\"@type\":\"SearchAction\",\"target\":{\"@type\":\"EntryPoint\",\"urlTemplate\":\"https:\\\/\\\/temp.mollificiomazzoni.com\\\/de\\\/?s={search_term_string}\"},\"query-input\":{\"@type\":\"PropertyValueSpecification\",\"valueRequired\":true,\"valueName\":\"search_term_string\"}}],\"inLanguage\":\"de\"}]}<\/script>\n<!-- \/ Yoast SEO plugin. -->","yoast_head_json":{"title":"Qualit\u00e4t | Mollificio Mazzoni","description":"Zus\u00e4tzlich zu den gebr\u00e4uchlichen Kontroll- und Messwerkzeugen verf\u00fcgt unser Unternehmen auch \u00fcber elektronische Dynamometer f\u00fcr Druck- und Zugfedern, Torsionsmesser, H\u00e4rtemessger\u00e4te und Profilprojektoren.","robots":{"index":"noindex","follow":"follow","max-snippet":"max-snippet:-1","max-image-preview":"max-image-preview:large","max-video-preview":"max-video-preview:-1"},"og_locale":"de_DE","og_type":"article","og_title":"Qualit\u00e4t | Mollificio Mazzoni","og_description":"Zus\u00e4tzlich zu den gebr\u00e4uchlichen Kontroll- und Messwerkzeugen verf\u00fcgt unser Unternehmen auch \u00fcber elektronische Dynamometer f\u00fcr Druck- und Zugfedern, Torsionsmesser, H\u00e4rtemessger\u00e4te und Profilprojektoren.","og_url":"https:\/\/temp.mollificiomazzoni.com\/de\/qualita\/","og_site_name":"Mollificio Mazzoni","article_modified_time":"2023-09-06T07:31:28+00:00","twitter_card":"summary_large_image","twitter_misc":{"Gesch\u00e4tzte Lesezeit":"1\u00a0Minute"},"schema":{"@context":"https:\/\/schema.org","@graph":[{"@type":"WebPage","@id":"https:\/\/temp.mollificiomazzoni.com\/de\/qualita\/","url":"https:\/\/temp.mollificiomazzoni.com\/de\/qualita\/","name":"Qualit\u00e4t | Mollificio Mazzoni","isPartOf":{"@id":"https:\/\/temp.mollificiomazzoni.com\/de\/#website"},"datePublished":"2015-02-27T16:26:13+00:00","dateModified":"2023-09-06T07:31:28+00:00","description":"Zus\u00e4tzlich zu den gebr\u00e4uchlichen Kontroll- und Messwerkzeugen verf\u00fcgt unser Unternehmen auch \u00fcber elektronische Dynamometer f\u00fcr Druck- und Zugfedern, Torsionsmesser, H\u00e4rtemessger\u00e4te und Profilprojektoren.","breadcrumb":{"@id":"https:\/\/temp.mollificiomazzoni.com\/de\/qualita\/#breadcrumb"},"inLanguage":"de","potentialAction":[{"@type":"ReadAction","target":[["https:\/\/temp.mollificiomazzoni.com\/de\/qualita\/"]]}]},{"@type":"BreadcrumbList","@id":"https:\/\/temp.mollificiomazzoni.com\/de\/qualita\/#breadcrumb","itemListElement":[{"@type":"ListItem","position":1,"name":"Home","item":"https:\/\/temp.mollificiomazzoni.com\/de\/"},{"@type":"ListItem","position":2,"name":"Qualit\u00e0"}]},{"@type":"WebSite","@id":"https:\/\/temp.mollificiomazzoni.com\/de\/#website","url":"https:\/\/temp.mollificiomazzoni.com\/de\/","name":"Mollificio Mazzoni","description":"Since 1968","potentialAction":[{"@type":"SearchAction","target":{"@type":"EntryPoint","urlTemplate":"https:\/\/temp.mollificiomazzoni.com\/de\/?s={search_term_string}"},"query-input":{"@type":"PropertyValueSpecification","valueRequired":true,"valueName":"search_term_string"}}],"inLanguage":"de"}]}},"_links":{"self":[{"href":"https:\/\/temp.mollificiomazzoni.com\/de\/wp-json\/wp\/v2\/pages\/2306","targetHints":{"allow":["GET"]}}],"collection":[{"href":"https:\/\/temp.mollificiomazzoni.com\/de\/wp-json\/wp\/v2\/pages"}],"about":[{"href":"https:\/\/temp.mollificiomazzoni.com\/de\/wp-json\/wp\/v2\/types\/page"}],"author":[{"embeddable":true,"href":"https:\/\/temp.mollificiomazzoni.com\/de\/wp-json\/wp\/v2\/users\/1"}],"replies":[{"embeddable":true,"href":"https:\/\/temp.mollificiomazzoni.com\/de\/wp-json\/wp\/v2\/comments?post=2306"}],"version-history":[{"count":35,"href":"https:\/\/temp.mollificiomazzoni.com\/de\/wp-json\/wp\/v2\/pages\/2306\/revisions"}],"predecessor-version":[{"id":3369,"href":"https:\/\/temp.mollificiomazzoni.com\/de\/wp-json\/wp\/v2\/pages\/2306\/revisions\/3369"}],"wp:attachment":[{"href":"https:\/\/temp.mollificiomazzoni.com\/de\/wp-json\/wp\/v2\/media?parent=2306"}],"curies":[{"name":"wp","href":"https:\/\/api.w.org\/{rel}","templated":true}]}}