{"id":2232,"date":"2015-02-20T17:56:49","date_gmt":"2015-02-20T16:56:49","guid":{"rendered":"http:\/\/www.mollificiomazzoni.com\/?page_id=2232"},"modified":"2015-10-08T16:29:16","modified_gmt":"2015-10-08T14:29:16","slug":"macchinari","status":"publish","type":"page","link":"https:\/\/temp.mollificiomazzoni.com\/de\/macchinari\/","title":{"rendered":"Maschinen"},"content":{"rendered":"<p><div class=\"row clearfix\">\n<div class=\"box two-three \">\n<p>Der Maschinenpark in unserem Unternehmen besteht aus computergesteuerten Fertigungsmaschinen der allerneuesten Generation. Daher werden, zus\u00e4tzlich zu den traditionellen numerischen Kontrollmechanismen, automatische Pr\u00fcfungen der Produktcharakteristiken sowie Selbstdiagnosen, automatische Nachstellung von Fertigungsparametern und ein vollst\u00e4ndiges SPC Datenmanagement durchgef\u00fchrt.<\/p>\n<p>S\u00e4mtliche Maschinen f\u00fcr die Metalldraht- und Blechverarbeitung sind von den Herstellern Wafios und Bihler.<\/p>\n<p><div class=\"clearfix\" style=\"height:5px\"><\/div><\/p>\n<h3>Unser technologischer Maschinenpark besteht aus:<\/h3>\n<ul>\n<li><em><strong>Avvolgitrici<\/strong><\/em><\/li>\n<li><em><strong>Federwicklungsmaschinen<\/strong><\/em><\/li>\n<li><em><strong>Torsionsmaschinen mechanisch sowie elektronisch mit Mehrfachachsenfunktion<\/strong><\/em><\/li>\n<li><em><strong>Biegemaschinen<\/strong><\/em><\/li>\n<li><em><strong>Schwei\u00dfmaschinen<\/strong><\/em><\/li>\n<li><em><strong>Pressen<\/strong><\/em><\/li>\n<li><em><strong>\u00d6fen f\u00fcr W\u00e4rmebehandlung<\/strong><\/em><\/li>\n<li><em><strong>Kugelstrahlmaschinen<\/strong><\/em><\/li>\n<li><em><strong>Schleifmaschinen<\/strong><\/em><\/li>\n<li><em><strong>Metallreinigungsmaschinen<\/strong><\/em><\/li>\n<\/ul>\n<p><div class=\"clearfix\" style=\"height:5px\"><\/div><\/p>\n<p>Der Maschinenpark wird durch eine Vielzahl von Werkzeugmaschinen, Draht-Elektroerosions- und Mikrobohrmaschinen erg\u00e4nzt, welche Mollificio Mazzoni erlauben einen v\u00f6llig eigenst\u00e4ndigen Werkzeug- und Vorrichtungsbau zu betreiben, der dann f\u00fcr die eigene Produktion genutzt wird.<\/p>\n<\/div>\n<div class=\"box three \">\n<div class=\"row clearfix\"><ul class=\"photo_gallery shortcode\" data-rt-animation-group=\"group\">\n\n\t\t<li class=\"box one first last\" data-rt-animate=\"animate\" data-rt-animation-type=\"fadeIn\">\n\t\t\t<div class=\"imgeffect\">\t\n\t\t\t\t<a id=\"lightbox-627891\" class=\"icon-zoom-in lightbox_ single\" data-group=\"826077\" title=\"Enlarge Image\" data-title=\"\" data-description=\"\" data-thumbnail=\"https:\/\/temp.mollificiomazzoni.com\/\/wp-content\/uploads\/2015\/02\/macchinari_11.jpg\" data-thumbTooltip=\"\" data-scaleUp=\"\" data-href=\"\" data-width=\"\" data-height=\"\" data-flashHasPriority=\"\" data-poster=\"\" data-autoplay=\"\" data-audiotitle=\"\" href=\"https:\/\/temp.mollificiomazzoni.com\/\/wp-content\/uploads\/2015\/02\/macchinari_11.jpg\"><\/a>\t\t\t\t\t\t\t\n\t\t\t\t<img decoding=\"async\" loading=\"lazy\" src=\"https:\/\/temp.mollificiomazzoni.com\/\/wp-content\/uploads\/2015\/02\/macchinari_11.jpg\" alt=\"\"> \t\t\t\t\t\t\t\t\t\n\t\t\t<\/div>\n\t\t\t \t\n\t\t<\/li>\n\t\n<div class=\"clearfix\" style=\"height:15px\"><\/div>\n\n\t\t<li class=\"box one first last\" data-rt-animate=\"animate\" data-rt-animation-type=\"fadeIn\">\n\t\t\t<div class=\"imgeffect\">\t\n\t\t\t\t<a id=\"lightbox-510507\" class=\"icon-zoom-in lightbox_ single\" data-group=\"826077\" title=\"Enlarge Image\" data-title=\"\" data-description=\"\" data-thumbnail=\"https:\/\/temp.mollificiomazzoni.com\/\/wp-content\/uploads\/2015\/02\/macchinari_08.jpg\" data-thumbTooltip=\"\" data-scaleUp=\"\" data-href=\"\" data-width=\"\" data-height=\"\" data-flashHasPriority=\"\" data-poster=\"\" data-autoplay=\"\" data-audiotitle=\"\" href=\"https:\/\/temp.mollificiomazzoni.com\/\/wp-content\/uploads\/2015\/02\/macchinari_08.jpg\"><\/a>\t\t\t\t\t\t\t\n\t\t\t\t<img decoding=\"async\" loading=\"lazy\" src=\"https:\/\/temp.mollificiomazzoni.com\/\/wp-content\/uploads\/2015\/02\/macchinari_08.jpg\" alt=\"\"> \t\t\t\t\t\t\t\t\t\n\t\t\t<\/div>\n\t\t\t \t\n\t\t<\/li>\n\t\n<div class=\"clearfix\" style=\"height:15px\"><\/div>\n\n\t\t<li class=\"box one first last\" data-rt-animate=\"animate\" data-rt-animation-type=\"fadeIn\">\n\t\t\t<div class=\"imgeffect\">\t\n\t\t\t\t<a id=\"lightbox-886316\" class=\"icon-zoom-in lightbox_ single\" data-group=\"826077\" title=\"Enlarge Image\" data-title=\"\" data-description=\"\" data-thumbnail=\"https:\/\/temp.mollificiomazzoni.com\/\/wp-content\/uploads\/2015\/02\/macchinari_10.jpg\" data-thumbTooltip=\"\" data-scaleUp=\"\" data-href=\"\" data-width=\"\" data-height=\"\" data-flashHasPriority=\"\" data-poster=\"\" data-autoplay=\"\" data-audiotitle=\"\" href=\"https:\/\/temp.mollificiomazzoni.com\/\/wp-content\/uploads\/2015\/02\/macchinari_10.jpg\"><\/a>\t\t\t\t\t\t\t\n\t\t\t\t<img decoding=\"async\" loading=\"lazy\" src=\"https:\/\/temp.mollificiomazzoni.com\/\/wp-content\/uploads\/2015\/02\/macchinari_10.jpg\" alt=\"\"> \t\t\t\t\t\t\t\t\t\n\t\t\t<\/div>\n\t\t\t \t\n\t\t<\/li>\n\t\n<\/ul><div class=\"clear\"><\/div><\/div>\n<\/div>\n<\/div>\n<div class=\"row clearfix\"><ul class=\"photo_gallery shortcode\" data-rt-animation-group=\"group\">\n\n\t\t<li class=\"box five first\" data-rt-animate=\"animate\" data-rt-animation-type=\"fadeIn\">\n\t\t\t<div class=\"imgeffect\">\t\n\t\t\t\t<a id=\"lightbox-127921\" class=\"icon-zoom-in lightbox_ single\" data-group=\"908371\" title=\"Enlarge Image\" data-title=\"\" data-description=\"\" data-thumbnail=\"https:\/\/temp.mollificiomazzoni.com\/\/wp-content\/uploads\/2015\/02\/macchinari_01.jpg\" data-thumbTooltip=\"\" data-scaleUp=\"\" data-href=\"\" data-width=\"\" data-height=\"\" data-flashHasPriority=\"\" data-poster=\"\" data-autoplay=\"\" data-audiotitle=\"\" href=\"https:\/\/temp.mollificiomazzoni.com\/\/wp-content\/uploads\/2015\/02\/macchinari_01.jpg\"><\/a>\t\t\t\t\t\t\t\n\t\t\t\t<img decoding=\"async\" loading=\"lazy\" src=\"https:\/\/temp.mollificiomazzoni.com\/\/wp-content\/uploads\/2015\/02\/macchinari_01.jpg\" alt=\"\"> \t\t\t\t\t\t\t\t\t\n\t\t\t<\/div>\n\t\t\t \t\n\t\t<\/li>\n\t\n\n\t\t<li class=\"box five\" data-rt-animate=\"animate\" data-rt-animation-type=\"fadeIn\">\n\t\t\t<div class=\"imgeffect\">\t\n\t\t\t\t<a id=\"lightbox-488279\" class=\"icon-zoom-in lightbox_ single\" data-group=\"908371\" title=\"Enlarge Image\" data-title=\"\" data-description=\"\" data-thumbnail=\"https:\/\/temp.mollificiomazzoni.com\/\/wp-content\/uploads\/2015\/02\/macchinari_04.jpg\" data-thumbTooltip=\"\" data-scaleUp=\"\" data-href=\"\" data-width=\"\" data-height=\"\" data-flashHasPriority=\"\" data-poster=\"\" data-autoplay=\"\" data-audiotitle=\"\" href=\"https:\/\/temp.mollificiomazzoni.com\/\/wp-content\/uploads\/2015\/02\/macchinari_04.jpg\"><\/a>\t\t\t\t\t\t\t\n\t\t\t\t<img decoding=\"async\" loading=\"lazy\" src=\"https:\/\/temp.mollificiomazzoni.com\/\/wp-content\/uploads\/2015\/02\/macchinari_04.jpg\" alt=\"\"> \t\t\t\t\t\t\t\t\t\n\t\t\t<\/div>\n\t\t\t \t\n\t\t<\/li>\n\t\n\n\t\t<li class=\"box five\" data-rt-animate=\"animate\" data-rt-animation-type=\"fadeIn\">\n\t\t\t<div class=\"imgeffect\">\t\n\t\t\t\t<a id=\"lightbox-642301\" class=\"icon-zoom-in lightbox_ single\" data-group=\"908371\" title=\"Enlarge Image\" data-title=\"\" data-description=\"\" data-thumbnail=\"https:\/\/temp.mollificiomazzoni.com\/\/wp-content\/uploads\/2015\/02\/macchinari_05.jpg\" data-thumbTooltip=\"\" data-scaleUp=\"\" data-href=\"\" data-width=\"\" data-height=\"\" data-flashHasPriority=\"\" data-poster=\"\" data-autoplay=\"\" data-audiotitle=\"\" href=\"https:\/\/temp.mollificiomazzoni.com\/\/wp-content\/uploads\/2015\/02\/macchinari_05.jpg\"><\/a>\t\t\t\t\t\t\t\n\t\t\t\t<img decoding=\"async\" loading=\"lazy\" src=\"https:\/\/temp.mollificiomazzoni.com\/\/wp-content\/uploads\/2015\/02\/macchinari_05.jpg\" alt=\"\"> \t\t\t\t\t\t\t\t\t\n\t\t\t<\/div>\n\t\t\t \t\n\t\t<\/li>\n\t\n\n\t\t<li class=\"box five\" data-rt-animate=\"animate\" data-rt-animation-type=\"fadeIn\">\n\t\t\t<div class=\"imgeffect\">\t\n\t\t\t\t<a id=\"lightbox-782100\" class=\"icon-zoom-in lightbox_ single\" data-group=\"908371\" title=\"Enlarge Image\" data-title=\"\" data-description=\"\" data-thumbnail=\"https:\/\/temp.mollificiomazzoni.com\/\/wp-content\/uploads\/2015\/02\/macchinari_08.jpg\" data-thumbTooltip=\"\" data-scaleUp=\"\" data-href=\"\" data-width=\"\" data-height=\"\" data-flashHasPriority=\"\" data-poster=\"\" data-autoplay=\"\" data-audiotitle=\"\" href=\"https:\/\/temp.mollificiomazzoni.com\/\/wp-content\/uploads\/2015\/02\/macchinari_08.jpg\"><\/a>\t\t\t\t\t\t\t\n\t\t\t\t<img decoding=\"async\" loading=\"lazy\" src=\"https:\/\/temp.mollificiomazzoni.com\/\/wp-content\/uploads\/2015\/02\/macchinari_08.jpg\" alt=\"\"> \t\t\t\t\t\t\t\t\t\n\t\t\t<\/div>\n\t\t\t \t\n\t\t<\/li>\n\t\n\n\t\t<li class=\"box five last\" data-rt-animate=\"animate\" data-rt-animation-type=\"fadeIn\">\n\t\t\t<div class=\"imgeffect\">\t\n\t\t\t\t<a id=\"lightbox-926086\" class=\"icon-zoom-in lightbox_ single\" data-group=\"908371\" title=\"Enlarge Image\" data-title=\"\" data-description=\"\" data-thumbnail=\"https:\/\/temp.mollificiomazzoni.com\/\/wp-content\/uploads\/2015\/02\/macchinari_09.jpg\" data-thumbTooltip=\"\" data-scaleUp=\"\" data-href=\"\" data-width=\"\" data-height=\"\" data-flashHasPriority=\"\" data-poster=\"\" data-autoplay=\"\" data-audiotitle=\"\" href=\"https:\/\/temp.mollificiomazzoni.com\/\/wp-content\/uploads\/2015\/02\/macchinari_09.jpg\"><\/a>\t\t\t\t\t\t\t\n\t\t\t\t<img decoding=\"async\" loading=\"lazy\" src=\"https:\/\/temp.mollificiomazzoni.com\/\/wp-content\/uploads\/2015\/02\/macchinari_09.jpg\" alt=\"\"> \t\t\t\t\t\t\t\t\t\n\t\t\t<\/div>\n\t\t\t \t\n\t\t<\/li>\n\t\n\n\t\t<li class=\"box five first\" data-rt-animate=\"animate\" data-rt-animation-type=\"fadeIn\">\n\t\t\t<div class=\"imgeffect\">\t\n\t\t\t\t<a id=\"lightbox-507041\" class=\"icon-zoom-in lightbox_ single\" data-group=\"908371\" title=\"Enlarge Image\" data-title=\"\" data-description=\"\" data-thumbnail=\"https:\/\/temp.mollificiomazzoni.com\/\/wp-content\/uploads\/2015\/02\/macchinari_10.jpg\" data-thumbTooltip=\"\" data-scaleUp=\"\" data-href=\"\" data-width=\"\" data-height=\"\" data-flashHasPriority=\"\" data-poster=\"\" data-autoplay=\"\" data-audiotitle=\"\" href=\"https:\/\/temp.mollificiomazzoni.com\/\/wp-content\/uploads\/2015\/02\/macchinari_10.jpg\"><\/a>\t\t\t\t\t\t\t\n\t\t\t\t<img decoding=\"async\" loading=\"lazy\" src=\"https:\/\/temp.mollificiomazzoni.com\/\/wp-content\/uploads\/2015\/02\/macchinari_10.jpg\" alt=\"\"> \t\t\t\t\t\t\t\t\t\n\t\t\t<\/div>\n\t\t\t \t\n\t\t<\/li>\n\t\n\n\t\t<li class=\"box five\" data-rt-animate=\"animate\" data-rt-animation-type=\"fadeIn\">\n\t\t\t<div class=\"imgeffect\">\t\n\t\t\t\t<a id=\"lightbox-410920\" class=\"icon-zoom-in lightbox_ single\" data-group=\"908371\" title=\"Enlarge Image\" data-title=\"\" data-description=\"\" data-thumbnail=\"https:\/\/temp.mollificiomazzoni.com\/\/wp-content\/uploads\/2015\/02\/macchinari_11.jpg\" data-thumbTooltip=\"\" data-scaleUp=\"\" data-href=\"\" data-width=\"\" data-height=\"\" data-flashHasPriority=\"\" data-poster=\"\" data-autoplay=\"\" data-audiotitle=\"\" href=\"https:\/\/temp.mollificiomazzoni.com\/\/wp-content\/uploads\/2015\/02\/macchinari_11.jpg\"><\/a>\t\t\t\t\t\t\t\n\t\t\t\t<img decoding=\"async\" loading=\"lazy\" src=\"https:\/\/temp.mollificiomazzoni.com\/\/wp-content\/uploads\/2015\/02\/macchinari_11.jpg\" alt=\"\"> \t\t\t\t\t\t\t\t\t\n\t\t\t<\/div>\n\t\t\t \t\n\t\t<\/li>\n\t\n\n\t\t<li class=\"box five\" data-rt-animate=\"animate\" data-rt-animation-type=\"fadeIn\">\n\t\t\t<div class=\"imgeffect\">\t\n\t\t\t\t<a id=\"lightbox-614518\" class=\"icon-zoom-in lightbox_ single\" data-group=\"908371\" title=\"Enlarge Image\" data-title=\"\" data-description=\"\" data-thumbnail=\"https:\/\/temp.mollificiomazzoni.com\/\/wp-content\/uploads\/2015\/02\/macchinari_12.jpg\" data-thumbTooltip=\"\" data-scaleUp=\"\" data-href=\"\" data-width=\"\" data-height=\"\" data-flashHasPriority=\"\" data-poster=\"\" data-autoplay=\"\" data-audiotitle=\"\" href=\"https:\/\/temp.mollificiomazzoni.com\/\/wp-content\/uploads\/2015\/02\/macchinari_12.jpg\"><\/a>\t\t\t\t\t\t\t\n\t\t\t\t<img decoding=\"async\" loading=\"lazy\" src=\"https:\/\/temp.mollificiomazzoni.com\/\/wp-content\/uploads\/2015\/02\/macchinari_12.jpg\" alt=\"\"> \t\t\t\t\t\t\t\t\t\n\t\t\t<\/div>\n\t\t\t \t\n\t\t<\/li>\n\t\n<\/ul><div class=\"clear\"><\/div><\/div><\/p>","protected":false},"excerpt":{"rendered":"","protected":false},"author":1,"featured_media":0,"parent":0,"menu_order":0,"comment_status":"open","ping_status":"open","template":"","meta":{"footnotes":""},"class_list":["post-2232","page","type-page","status-publish","hentry"],"yoast_head":"<!-- This site is optimized with the Yoast SEO plugin v27.3 - https:\/\/yoast.com\/product\/yoast-seo-wordpress\/ -->\n<title>Maschinen | Mollificio Mazzoni<\/title>\n<meta name=\"description\" content=\"Der Maschinenpark in unserem Unternehmen besteht aus computergesteuerten Fertigungsmaschinen der allerneuesten Generation. Daher werden, zus\u00e4tzlich zu den traditionellen numerischen Kontrollmechanismen, automatische Pr\u00fcfungen der Produktcharakteristiken sowie Selbstdiagnosen, automatische Nachstellung von Fertigungsparametern und ein vollst\u00e4ndiges SPC Datenmanagement durchgef\u00fchrt.\" \/>\n<meta name=\"robots\" content=\"noindex, follow, max-snippet:-1, max-image-preview:large, max-video-preview:-1\" \/>\n<meta property=\"og:locale\" content=\"de_DE\" \/>\n<meta property=\"og:type\" content=\"article\" \/>\n<meta property=\"og:title\" content=\"Maschinen | Mollificio Mazzoni\" \/>\n<meta property=\"og:description\" content=\"Der Maschinenpark in unserem Unternehmen besteht aus computergesteuerten Fertigungsmaschinen der allerneuesten Generation. Daher werden, zus\u00e4tzlich zu den traditionellen numerischen Kontrollmechanismen, automatische Pr\u00fcfungen der Produktcharakteristiken sowie Selbstdiagnosen, automatische Nachstellung von Fertigungsparametern und ein vollst\u00e4ndiges SPC Datenmanagement durchgef\u00fchrt.\" \/>\n<meta property=\"og:url\" content=\"https:\/\/temp.mollificiomazzoni.com\/de\/macchinari\/\" \/>\n<meta property=\"og:site_name\" content=\"Mollificio Mazzoni\" \/>\n<meta property=\"article:modified_time\" content=\"2015-10-08T14:29:16+00:00\" \/>\n<meta name=\"twitter:card\" content=\"summary_large_image\" \/>\n<meta name=\"twitter:label1\" content=\"Gesch\u00e4tzte Lesezeit\" \/>\n\t<meta name=\"twitter:data1\" content=\"5\u00a0Minuten\" \/>\n<script type=\"application\/ld+json\" class=\"yoast-schema-graph\">{\"@context\":\"https:\\\/\\\/schema.org\",\"@graph\":[{\"@type\":\"WebPage\",\"@id\":\"https:\\\/\\\/temp.mollificiomazzoni.com\\\/de\\\/macchinari\\\/\",\"url\":\"https:\\\/\\\/temp.mollificiomazzoni.com\\\/de\\\/macchinari\\\/\",\"name\":\"Maschinen | Mollificio Mazzoni\",\"isPartOf\":{\"@id\":\"https:\\\/\\\/temp.mollificiomazzoni.com\\\/de\\\/#website\"},\"datePublished\":\"2015-02-20T16:56:49+00:00\",\"dateModified\":\"2015-10-08T14:29:16+00:00\",\"description\":\"Der Maschinenpark in unserem Unternehmen besteht aus computergesteuerten Fertigungsmaschinen der allerneuesten Generation. Daher werden, zus\u00e4tzlich zu den traditionellen numerischen Kontrollmechanismen, automatische Pr\u00fcfungen der Produktcharakteristiken sowie Selbstdiagnosen, automatische Nachstellung von Fertigungsparametern und ein vollst\u00e4ndiges SPC Datenmanagement durchgef\u00fchrt.\",\"breadcrumb\":{\"@id\":\"https:\\\/\\\/temp.mollificiomazzoni.com\\\/de\\\/macchinari\\\/#breadcrumb\"},\"inLanguage\":\"de\",\"potentialAction\":[{\"@type\":\"ReadAction\",\"target\":[[\"https:\\\/\\\/temp.mollificiomazzoni.com\\\/de\\\/macchinari\\\/\"]]}]},{\"@type\":\"BreadcrumbList\",\"@id\":\"https:\\\/\\\/temp.mollificiomazzoni.com\\\/de\\\/macchinari\\\/#breadcrumb\",\"itemListElement\":[{\"@type\":\"ListItem\",\"position\":1,\"name\":\"Home\",\"item\":\"https:\\\/\\\/temp.mollificiomazzoni.com\\\/de\\\/\"},{\"@type\":\"ListItem\",\"position\":2,\"name\":\"Maschinen\"}]},{\"@type\":\"WebSite\",\"@id\":\"https:\\\/\\\/temp.mollificiomazzoni.com\\\/de\\\/#website\",\"url\":\"https:\\\/\\\/temp.mollificiomazzoni.com\\\/de\\\/\",\"name\":\"Mollificio Mazzoni\",\"description\":\"Since 1968\",\"potentialAction\":[{\"@type\":\"SearchAction\",\"target\":{\"@type\":\"EntryPoint\",\"urlTemplate\":\"https:\\\/\\\/temp.mollificiomazzoni.com\\\/de\\\/?s={search_term_string}\"},\"query-input\":{\"@type\":\"PropertyValueSpecification\",\"valueRequired\":true,\"valueName\":\"search_term_string\"}}],\"inLanguage\":\"de\"}]}<\/script>\n<!-- \/ Yoast SEO plugin. -->","yoast_head_json":{"title":"Maschinen | Mollificio Mazzoni","description":"Der Maschinenpark in unserem Unternehmen besteht aus computergesteuerten Fertigungsmaschinen der allerneuesten Generation. Daher werden, zus\u00e4tzlich zu den traditionellen numerischen Kontrollmechanismen, automatische Pr\u00fcfungen der Produktcharakteristiken sowie Selbstdiagnosen, automatische Nachstellung von Fertigungsparametern und ein vollst\u00e4ndiges SPC Datenmanagement durchgef\u00fchrt.","robots":{"index":"noindex","follow":"follow","max-snippet":"max-snippet:-1","max-image-preview":"max-image-preview:large","max-video-preview":"max-video-preview:-1"},"og_locale":"de_DE","og_type":"article","og_title":"Maschinen | Mollificio Mazzoni","og_description":"Der Maschinenpark in unserem Unternehmen besteht aus computergesteuerten Fertigungsmaschinen der allerneuesten Generation. Daher werden, zus\u00e4tzlich zu den traditionellen numerischen Kontrollmechanismen, automatische Pr\u00fcfungen der Produktcharakteristiken sowie Selbstdiagnosen, automatische Nachstellung von Fertigungsparametern und ein vollst\u00e4ndiges SPC Datenmanagement durchgef\u00fchrt.","og_url":"https:\/\/temp.mollificiomazzoni.com\/de\/macchinari\/","og_site_name":"Mollificio Mazzoni","article_modified_time":"2015-10-08T14:29:16+00:00","twitter_card":"summary_large_image","twitter_misc":{"Gesch\u00e4tzte Lesezeit":"5\u00a0Minuten"},"schema":{"@context":"https:\/\/schema.org","@graph":[{"@type":"WebPage","@id":"https:\/\/temp.mollificiomazzoni.com\/de\/macchinari\/","url":"https:\/\/temp.mollificiomazzoni.com\/de\/macchinari\/","name":"Maschinen | Mollificio Mazzoni","isPartOf":{"@id":"https:\/\/temp.mollificiomazzoni.com\/de\/#website"},"datePublished":"2015-02-20T16:56:49+00:00","dateModified":"2015-10-08T14:29:16+00:00","description":"Der Maschinenpark in unserem Unternehmen besteht aus computergesteuerten Fertigungsmaschinen der allerneuesten Generation. Daher werden, zus\u00e4tzlich zu den traditionellen numerischen Kontrollmechanismen, automatische Pr\u00fcfungen der Produktcharakteristiken sowie Selbstdiagnosen, automatische Nachstellung von Fertigungsparametern und ein vollst\u00e4ndiges SPC Datenmanagement durchgef\u00fchrt.","breadcrumb":{"@id":"https:\/\/temp.mollificiomazzoni.com\/de\/macchinari\/#breadcrumb"},"inLanguage":"de","potentialAction":[{"@type":"ReadAction","target":[["https:\/\/temp.mollificiomazzoni.com\/de\/macchinari\/"]]}]},{"@type":"BreadcrumbList","@id":"https:\/\/temp.mollificiomazzoni.com\/de\/macchinari\/#breadcrumb","itemListElement":[{"@type":"ListItem","position":1,"name":"Home","item":"https:\/\/temp.mollificiomazzoni.com\/de\/"},{"@type":"ListItem","position":2,"name":"Maschinen"}]},{"@type":"WebSite","@id":"https:\/\/temp.mollificiomazzoni.com\/de\/#website","url":"https:\/\/temp.mollificiomazzoni.com\/de\/","name":"Mollificio Mazzoni","description":"Since 1968","potentialAction":[{"@type":"SearchAction","target":{"@type":"EntryPoint","urlTemplate":"https:\/\/temp.mollificiomazzoni.com\/de\/?s={search_term_string}"},"query-input":{"@type":"PropertyValueSpecification","valueRequired":true,"valueName":"search_term_string"}}],"inLanguage":"de"}]}},"_links":{"self":[{"href":"https:\/\/temp.mollificiomazzoni.com\/de\/wp-json\/wp\/v2\/pages\/2232","targetHints":{"allow":["GET"]}}],"collection":[{"href":"https:\/\/temp.mollificiomazzoni.com\/de\/wp-json\/wp\/v2\/pages"}],"about":[{"href":"https:\/\/temp.mollificiomazzoni.com\/de\/wp-json\/wp\/v2\/types\/page"}],"author":[{"embeddable":true,"href":"https:\/\/temp.mollificiomazzoni.com\/de\/wp-json\/wp\/v2\/users\/1"}],"replies":[{"embeddable":true,"href":"https:\/\/temp.mollificiomazzoni.com\/de\/wp-json\/wp\/v2\/comments?post=2232"}],"version-history":[{"count":18,"href":"https:\/\/temp.mollificiomazzoni.com\/de\/wp-json\/wp\/v2\/pages\/2232\/revisions"}],"predecessor-version":[{"id":2652,"href":"https:\/\/temp.mollificiomazzoni.com\/de\/wp-json\/wp\/v2\/pages\/2232\/revisions\/2652"}],"wp:attachment":[{"href":"https:\/\/temp.mollificiomazzoni.com\/de\/wp-json\/wp\/v2\/media?parent=2232"}],"curies":[{"name":"wp","href":"https:\/\/api.w.org\/{rel}","templated":true}]}}