{"id":1048,"date":"2012-03-01T00:00:01","date_gmt":"2012-02-29T23:00:01","guid":{"rendered":"http:\/\/rttheme18.demo-rt.com\/?page_id=1048"},"modified":"2022-05-13T20:42:13","modified_gmt":"2022-05-13T18:42:13","slug":"produzione","status":"publish","type":"page","link":"https:\/\/temp.mollificiomazzoni.com\/de\/produzione\/","title":{"rendered":"Produktion"},"content":{"rendered":"<p><div class=\"row clearfix\">\n<div class=\"box two-three \">\n<p>Unser Unternehmen ist marktf\u00fchrend in der Konstruktion und Fertigung von Federn aus Metalldr\u00e4hten. Des Weiteren bieten wir nat\u00fcrlich auch die Verarbeitung von Metallblechen sowie Metallstreifen an.<\/p>\n<p>Die von Mollificio Mazzoni hergestellten Produkte weisen einen hohen Grad an Komplexit\u00e4t auf und eine weitere St\u00e4rke unseres Unternehmens ist die F\u00e4higkeit verf\u00fcgbare Technologien bestm\u00f6glich zu nutzen. Die Produktionsverfahren werden so geplant, dass Handarbeiten beziehungsweise Nacharbeiten m\u00f6glichst vermieden werden.<\/p>\n<p>Aufgrund dem hohen technischen Stand und dem Qualit\u00e4tsanspruch des Unternehmens werden s\u00e4mtliche Werkzeuge, Formen und Vorrichtungen im eigenen Haus gefertigt.<\/p>\n<p><div class=\"clearfix\" style=\"height:5px\"><\/div><\/p>\n<div class=\"caption title_centered \">\n<h2>Referenzm\u00e4rkte:<\/h2>\n<p>Automotive, Haushaltsger\u00e4te, Beleuchtung, Medizin, Pr\u00e4zisionsmechanik, Musikinstrumente, Elektronik, Agrar- und Lebensmittelindustrie, Sport, Fitness, Spielzeuge, usw.<\/p>\n<\/div>\n<p class=\"aligncenter\"><div class=\"clearfix\" style=\"height:5px\"><\/div><\/p>\n<h2>Design<\/h2>\n<p>Die Firma &#8222;Mollificio Mazzoni&#8220; verf\u00fcgt \u00fcber eine besonders erfahrene Abteilung f\u00fcr die Federentwicklung, die in der Lage ist, die Kunden-Industrialisierungsprozesse zu unterst\u00fctzen und zu beraten.<\/p>\n<p>Die &#8222;Mollificio Mazzoni&#8220; kann auch selbst die zur eigenen Produktion ben\u00f6tigten Ausr\u00fcstungen und Werkzeuge entwickeln und aufbauen und zwar durch Avantgarde-Softwares (in 2D und 3D), sehr gut erfahrene Facharbeiter und eine voll ausger\u00fcstete Werk, die aus Fr\u00e4smaschinen,EDM und Mikrolochungsmaschinen besteht.&#8220;<\/p>\n<div class=\"row clearfix\"><ul class=\"photo_gallery shortcode\" data-rt-animation-group=\"group\">\n\n\t\t<li class=\"box four first\" data-rt-animate=\"animate\" data-rt-animation-type=\"fadeIn\">\n\t\t\t<div class=\"imgeffect\">\t\n\t\t\t\t<a id=\"lightbox-713783\" class=\"icon-zoom-in lightbox_ single\" data-group=\"400470\" title=\"Enlarge Image\" data-title=\"\" data-description=\"\" data-thumbnail=\"https:\/\/temp.mollificiomazzoni.com\/\/wp-content\/uploads\/2015\/09\/progettaz_01.jpg\" data-thumbTooltip=\"\" data-scaleUp=\"\" data-href=\"\" data-width=\"\" data-height=\"\" data-flashHasPriority=\"\" data-poster=\"\" data-autoplay=\"\" data-audiotitle=\"\" href=\"https:\/\/temp.mollificiomazzoni.com\/\/wp-content\/uploads\/2015\/09\/progettaz_01.jpg\"><\/a>\t\t\t\t\t\t\t\n\t\t\t\t<img decoding=\"async\" loading=\"lazy\" src=\"https:\/\/temp.mollificiomazzoni.com\/\/wp-content\/uploads\/2015\/09\/progettaz_01.jpg\" alt=\"\"> \t\t\t\t\t\t\t\t\t\n\t\t\t<\/div>\n\t\t\t \t\n\t\t<\/li>\n\t\n\n\t\t<li class=\"box four\" data-rt-animate=\"animate\" data-rt-animation-type=\"fadeIn\">\n\t\t\t<div class=\"imgeffect\">\t\n\t\t\t\t<a id=\"lightbox-940226\" class=\"icon-zoom-in lightbox_ single\" data-group=\"400470\" title=\"Enlarge Image\" data-title=\"\" data-description=\"\" data-thumbnail=\"https:\/\/temp.mollificiomazzoni.com\/\/wp-content\/uploads\/2015\/09\/progettaz_02.jpg\" data-thumbTooltip=\"\" data-scaleUp=\"\" data-href=\"\" data-width=\"\" data-height=\"\" data-flashHasPriority=\"\" data-poster=\"\" data-autoplay=\"\" data-audiotitle=\"\" href=\"https:\/\/temp.mollificiomazzoni.com\/\/wp-content\/uploads\/2015\/09\/progettaz_02.jpg\"><\/a>\t\t\t\t\t\t\t\n\t\t\t\t<img decoding=\"async\" loading=\"lazy\" src=\"https:\/\/temp.mollificiomazzoni.com\/\/wp-content\/uploads\/2015\/09\/progettaz_02.jpg\" alt=\"\"> \t\t\t\t\t\t\t\t\t\n\t\t\t<\/div>\n\t\t\t \t\n\t\t<\/li>\n\t\n\n\t\t<li class=\"box four\" data-rt-animate=\"animate\" data-rt-animation-type=\"fadeIn\">\n\t\t\t<div class=\"imgeffect\">\t\n\t\t\t\t<a id=\"lightbox-394573\" class=\"icon-zoom-in lightbox_ single\" data-group=\"400470\" title=\"Enlarge Image\" data-title=\"\" data-description=\"\" data-thumbnail=\"https:\/\/temp.mollificiomazzoni.com\/\/wp-content\/uploads\/2012\/03\/progettaz_03.jpg\" data-thumbTooltip=\"\" data-scaleUp=\"\" data-href=\"\" data-width=\"\" data-height=\"\" data-flashHasPriority=\"\" data-poster=\"\" data-autoplay=\"\" data-audiotitle=\"\" href=\"https:\/\/temp.mollificiomazzoni.com\/\/wp-content\/uploads\/2012\/03\/progettaz_03.jpg\"><\/a>\t\t\t\t\t\t\t\n\t\t\t\t<img decoding=\"async\" loading=\"lazy\" src=\"https:\/\/temp.mollificiomazzoni.com\/\/wp-content\/uploads\/2012\/03\/progettaz_03.jpg\" alt=\"\"> \t\t\t\t\t\t\t\t\t\n\t\t\t<\/div>\n\t\t\t \t\n\t\t<\/li>\n\t\n\n\t\t<li class=\"box four last\" data-rt-animate=\"animate\" data-rt-animation-type=\"fadeIn\">\n\t\t\t<div class=\"imgeffect\">\t\n\t\t\t\t<a id=\"lightbox-470880\" class=\"icon-zoom-in lightbox_ single\" data-group=\"400470\" title=\"Enlarge Image\" data-title=\"\" data-description=\"\" data-thumbnail=\"https:\/\/temp.mollificiomazzoni.com\/\/wp-content\/uploads\/2012\/03\/progettaz_08.jpg\" data-thumbTooltip=\"\" data-scaleUp=\"\" data-href=\"\" data-width=\"\" data-height=\"\" data-flashHasPriority=\"\" data-poster=\"\" data-autoplay=\"\" data-audiotitle=\"\" href=\"https:\/\/temp.mollificiomazzoni.com\/\/wp-content\/uploads\/2012\/03\/progettaz_08.jpg\"><\/a>\t\t\t\t\t\t\t\n\t\t\t\t<img decoding=\"async\" loading=\"lazy\" src=\"https:\/\/temp.mollificiomazzoni.com\/\/wp-content\/uploads\/2012\/03\/progettaz_08.jpg\" alt=\"\"> \t\t\t\t\t\t\t\t\t\n\t\t\t<\/div>\n\t\t\t \t\n\t\t<\/li>\n\t\n<\/ul><div class=\"clear\"><\/div><\/div>\n<p><div class=\"clearfix\" style=\"height:5px\"><\/div><\/p>\n<h2>Unsere Produktion:<\/h2>\n<p><strong>Druckfedern mit zylindrischer, konischer oder doppelt konischer Form<\/strong>, aus rundem, viereckigem oder rechteckigem Draht, mit gleichbleibender oder wechselnder Windungssteigung, hergestellt in kleinen oder gro\u00dfen Umf\u00e4ngen mit Wafios\u00ae Wickelmaschinen<\/p>\n<p><strong>Zugfedern<\/strong> aus rundem, viereckigem oder rechteckigem Draht, mit jeder Art \u00d6sen (deutsch, englisch, doppelt, verl\u00e4ngert, usw.) hergestellt in kleinen oder gro\u00dfen Umf\u00e4ngen mit Wafios\u00ae Wickel-, \u00d6seneinsetz- und Winde-und Biegemaschinen<\/p>\n<p><strong>Schenkelfedern<\/strong> jeder Art (einfach, doppelt gewickelt, usw.) aus rundem, viereckigem oder rechteckigem Draht hergestellt mit Wafios\u00ae Winde- und Biegemaschinen<\/p>\n<p><strong>Formfedern<\/strong> aus rundem, viereckigem oder rechteckigem Draht, jeder Form und Gr\u00f6\u00dfe, hergestellt in kleinen oder gro\u00dfen Umf\u00e4ngen mit Wafios\u00ae und Bihler\u00ae Biegemaschinen<\/p>\n<p><strong>Gestantzte und geformte Bandfedern<\/strong> hergestellt mit Pressenwerkzeugen oder Einrichtungen\/Ausstattungen auf Bihler\u00ae Maschinen, vollkommen intern in kleinen oder gro\u00dfen Umf\u00e4ngen hergestellt<\/p>\n<p><strong>Ringe<\/strong> aus rundem, viereckigem oder rechteckigem Draht hergestellt mit Wafios\u00ae Wickel- und Windemaschinen in kleinen oder gro\u00dfen Umf\u00e4ngen<\/p>\n<p><strong>Zusammenbau<\/strong> Wir verf\u00fcgen \u00fcber einer manuellen Zusammenbaulinie f\u00fcr die von uns hergestellten oder von Kunden gekauften Einzelteilen.<\/p>\n<p><div class=\"clearfix\" style=\"height:5px\"><\/div><\/p>\n<h2>Materialien<\/h2>\n<p>Die am meisten angewendeten Materialien sind:<\/p>\n<ul>\n<li>Draht aus Kohlenstoff-Edelstahl in den folgenden Klassen: SM (<a title=\"technisches Datenblatt\" href=\"https:\/\/temp.mollificiomazzoni.com\/\/wp-content\/uploads\/2015\/11\/01-scheda_tecnica-carbonio_sm-new.pdf\" target=\"_blank\">technisches Datenblatt<\/a>), SH (<a title=\"technisches Datenblatt\" href=\"https:\/\/temp.mollificiomazzoni.com\/\/wp-content\/uploads\/2015\/11\/02-scheda_tecnica-carbonio_sh-new.pdf\" target=\"_blank\">technisches Datenblatt<\/a>), DH (<a title=\"technisches Datenblatt\" href=\"https:\/\/temp.mollificiomazzoni.com\/\/wp-content\/uploads\/2015\/11\/03-scheda_tecnica-carbonio_dh-new.pdf\" target=\"_blank\">technisches Datenblatt<\/a>), nach der EN 10270-1, auch vorverzinkt (<a title=\"technisches Datenblatt\" href=\"https:\/\/temp.mollificiomazzoni.com\/\/wp-content\/uploads\/2015\/11\/04-scheda_tecnica-carbonio_prezincato-10270-1-new.pdf\" target=\"_blank\">technisches Datenblatt<\/a>) oder Bezinal\u00ae<\/li>\n<li>Draht aus vorgeh\u00e4rtetem \u00d6l-Edelstahl nach der EN 10270-2 <a title=\"technisches Datenblatt\" href=\"https:\/\/temp.mollificiomazzoni.com\/\/wp-content\/uploads\/2012\/03\/05-scheda_tecnica-acciaio_pretemprato_10270-2.pdf\" target=\"_blank\">stechnisches Datenblatt<\/a>).<\/li>\n<li>Draht aus rostfreiem Edelstahl 1.4310 (AISI302) (<a title=\"technisches Datenblatt\" href=\"https:\/\/temp.mollificiomazzoni.com\/\/wp-content\/uploads\/2012\/03\/06-scheda_tecnica-acciaio_inox_aisi302.pdf\" target=\"_blank\">technisches Datenblatt<\/a>), 1.4301 (AISI304) (<a title=\"technisches Datenblatt\" href=\"https:\/\/temp.mollificiomazzoni.com\/\/wp-content\/uploads\/2012\/03\/07-scheda_tecnica-acciaio_inox_aisi304.pdf\" target=\"_blank\">technisches Datenblatt<\/a>), 1.4401 (AISI316) (<a title=\"technisches Datenblatt\" href=\"https:\/\/temp.mollificiomazzoni.com\/\/wp-content\/uploads\/2012\/03\/08-scheda_tecnica-acciaio_inox_aisi316.pdf\" target=\"_blank\">technisches Datenblatt<\/a>) nach der EN 10270-3 und weitere Sorte nach Anfrage.<\/li>\n<li>Kupferlegierungen (Messing, Phosphorige Bronze) nach der EN 12166.<\/li>\n<li>Besondere Materialien (nach Kundenbed\u00fcrfnissen)<\/li>\n<\/ul>\n<p><div class=\"clearfix\" style=\"height:5px\"><\/div><\/p>\n<h2>Behandlungen:<\/h2>\n<p>Folgende Behandlungen werden intern durchgef\u00fchrt: thermische Stabilisierung, Waschen, \u00d6len, Kugelstrahlung, Sandstrahlung.<br \/>\nWeiterhin, dank der guten Zusammenarbeit mit hochqualifizierten und sehr zuverl\u00e4ssigen Lieferanten, sind wir in der Lage folgende Verh\u00e4rtungs- und Oberfl\u00e4chenbehandlungen anbieten zu k\u00f6nnen:<\/p>\n<ul>\n<li>Verzinkung<\/li>\n<li>Vernickelung<\/li>\n<li>Verchromung<\/li>\n<li>Versilberung<\/li>\n<li>Lackierung<\/li>\n<li>Br\u00fcnierung<\/li>\n<li>Trommelschleifen<\/li>\n<li>Teflon Beschichtung<\/li>\n<li>Zintek\u00ae<\/li>\n<li>Dacromet<\/li>\n<li>Geomet<\/li>\n<li>Usw.<\/li>\n<\/ul>\n<\/div>\n<div class=\"box three \">\n<div class=\"row clearfix\"><ul class=\"photo_gallery shortcode\" data-rt-animation-group=\"group\">\n\n\t\t<li class=\"box one first last\" data-rt-animate=\"animate\" data-rt-animation-type=\"fadeIn\">\n\t\t\t<div class=\"imgeffect\">\t\n\t\t\t\t<a id=\"lightbox-611354\" class=\"icon-zoom-in lightbox_ single\" data-group=\"326886\" title=\"Enlarge Image\" data-title=\"\" data-description=\"\" data-thumbnail=\"https:\/\/temp.mollificiomazzoni.com\/\/wp-content\/uploads\/2012\/03\/produzione_01.jpg\" data-thumbTooltip=\"\" data-scaleUp=\"\" data-href=\"\" data-width=\"\" data-height=\"\" data-flashHasPriority=\"\" data-poster=\"\" data-autoplay=\"\" data-audiotitle=\"\" href=\"https:\/\/temp.mollificiomazzoni.com\/\/wp-content\/uploads\/2012\/03\/produzione_01.jpg\"><\/a>\t\t\t\t\t\t\t\n\t\t\t\t<img decoding=\"async\" loading=\"lazy\" src=\"https:\/\/temp.mollificiomazzoni.com\/\/wp-content\/uploads\/2012\/03\/produzione_01.jpg\" alt=\"\"> \t\t\t\t\t\t\t\t\t\n\t\t\t<\/div>\n\t\t\t \t\n\t\t<\/li>\n\t\n<div class=\"clearfix\" style=\"height:15px\"><\/div>\n\n\t\t<li class=\"box one first last\" data-rt-animate=\"animate\" data-rt-animation-type=\"fadeIn\">\n\t\t\t<div class=\"imgeffect\">\t\n\t\t\t\t<a id=\"lightbox-937767\" class=\"icon-zoom-in lightbox_ single\" data-group=\"326886\" title=\"Enlarge Image\" data-title=\"\" data-description=\"\" data-thumbnail=\"https:\/\/temp.mollificiomazzoni.com\/\/wp-content\/uploads\/2012\/03\/produzione_03.jpg\" data-thumbTooltip=\"\" data-scaleUp=\"\" data-href=\"\" data-width=\"\" data-height=\"\" data-flashHasPriority=\"\" data-poster=\"\" data-autoplay=\"\" data-audiotitle=\"\" href=\"https:\/\/temp.mollificiomazzoni.com\/\/wp-content\/uploads\/2012\/03\/produzione_03.jpg\"><\/a>\t\t\t\t\t\t\t\n\t\t\t\t<img decoding=\"async\" loading=\"lazy\" src=\"https:\/\/temp.mollificiomazzoni.com\/\/wp-content\/uploads\/2012\/03\/produzione_03.jpg\" alt=\"\"> \t\t\t\t\t\t\t\t\t\n\t\t\t<\/div>\n\t\t\t \t\n\t\t<\/li>\n\t\n<div class=\"clearfix\" style=\"height:15px\"><\/div>\n\n\t\t<li class=\"box one first last\" data-rt-animate=\"animate\" data-rt-animation-type=\"fadeIn\">\n\t\t\t<div class=\"imgeffect\">\t\n\t\t\t\t<a id=\"lightbox-460864\" class=\"icon-zoom-in lightbox_ single\" data-group=\"326886\" title=\"Enlarge Image\" data-title=\"\" data-description=\"\" data-thumbnail=\"https:\/\/temp.mollificiomazzoni.com\/\/wp-content\/uploads\/2012\/03\/produzione_04.jpg\" data-thumbTooltip=\"\" data-scaleUp=\"\" data-href=\"\" data-width=\"\" data-height=\"\" data-flashHasPriority=\"\" data-poster=\"\" data-autoplay=\"\" data-audiotitle=\"\" href=\"https:\/\/temp.mollificiomazzoni.com\/\/wp-content\/uploads\/2012\/03\/produzione_04.jpg\"><\/a>\t\t\t\t\t\t\t\n\t\t\t\t<img decoding=\"async\" loading=\"lazy\" src=\"https:\/\/temp.mollificiomazzoni.com\/\/wp-content\/uploads\/2012\/03\/produzione_04.jpg\" alt=\"\"> \t\t\t\t\t\t\t\t\t\n\t\t\t<\/div>\n\t\t\t \t\n\t\t<\/li>\n\t\n<div class=\"clearfix\" style=\"height:15px\"><\/div>\n\n\t\t<li class=\"box one first last\" data-rt-animate=\"animate\" data-rt-animation-type=\"fadeIn\">\n\t\t\t<div class=\"imgeffect\">\t\n\t\t\t\t<a id=\"lightbox-995237\" class=\"icon-zoom-in lightbox_ single\" data-group=\"326886\" title=\"Enlarge Image\" data-title=\"\" data-description=\"\" data-thumbnail=\"https:\/\/temp.mollificiomazzoni.com\/\/wp-content\/uploads\/2012\/03\/produzione_05.jpg\" data-thumbTooltip=\"\" data-scaleUp=\"\" data-href=\"\" data-width=\"\" data-height=\"\" data-flashHasPriority=\"\" data-poster=\"\" data-autoplay=\"\" data-audiotitle=\"\" href=\"https:\/\/temp.mollificiomazzoni.com\/\/wp-content\/uploads\/2012\/03\/produzione_05.jpg\"><\/a>\t\t\t\t\t\t\t\n\t\t\t\t<img decoding=\"async\" loading=\"lazy\" src=\"https:\/\/temp.mollificiomazzoni.com\/\/wp-content\/uploads\/2012\/03\/produzione_05.jpg\" alt=\"\"> \t\t\t\t\t\t\t\t\t\n\t\t\t<\/div>\n\t\t\t \t\n\t\t<\/li>\n\t\n<div class=\"clearfix\" style=\"height:15px\"><\/div>\n\n\t\t<li class=\"box one first last\" data-rt-animate=\"animate\" data-rt-animation-type=\"fadeIn\">\n\t\t\t<div class=\"imgeffect\">\t\n\t\t\t\t<a id=\"lightbox-213734\" class=\"icon-zoom-in lightbox_ single\" data-group=\"326886\" title=\"Enlarge Image\" data-title=\"\" data-description=\"\" data-thumbnail=\"https:\/\/temp.mollificiomazzoni.com\/\/wp-content\/uploads\/2012\/03\/produzione_07.jpg\" data-thumbTooltip=\"\" data-scaleUp=\"\" data-href=\"\" data-width=\"\" data-height=\"\" data-flashHasPriority=\"\" data-poster=\"\" data-autoplay=\"\" data-audiotitle=\"\" href=\"https:\/\/temp.mollificiomazzoni.com\/\/wp-content\/uploads\/2012\/03\/produzione_07.jpg\"><\/a>\t\t\t\t\t\t\t\n\t\t\t\t<img decoding=\"async\" loading=\"lazy\" src=\"https:\/\/temp.mollificiomazzoni.com\/\/wp-content\/uploads\/2012\/03\/produzione_07.jpg\" alt=\"\"> \t\t\t\t\t\t\t\t\t\n\t\t\t<\/div>\n\t\t\t \t\n\t\t<\/li>\n\t\n<div class=\"clearfix\" style=\"height:15px\"><\/div>\n\n\t\t<li class=\"box one first last\" data-rt-animate=\"animate\" data-rt-animation-type=\"fadeIn\">\n\t\t\t<div class=\"imgeffect\">\t\n\t\t\t\t<a id=\"lightbox-363359\" class=\"icon-zoom-in lightbox_ single\" data-group=\"326886\" title=\"Enlarge Image\" data-title=\"\" data-description=\"\" data-thumbnail=\"https:\/\/temp.mollificiomazzoni.com\/\/wp-content\/uploads\/2012\/03\/produzione_08.jpg\" data-thumbTooltip=\"\" data-scaleUp=\"\" data-href=\"\" data-width=\"\" data-height=\"\" data-flashHasPriority=\"\" data-poster=\"\" data-autoplay=\"\" data-audiotitle=\"\" href=\"https:\/\/temp.mollificiomazzoni.com\/\/wp-content\/uploads\/2012\/03\/produzione_08.jpg\"><\/a>\t\t\t\t\t\t\t\n\t\t\t\t<img decoding=\"async\" loading=\"lazy\" src=\"https:\/\/temp.mollificiomazzoni.com\/\/wp-content\/uploads\/2012\/03\/produzione_08.jpg\" alt=\"\"> \t\t\t\t\t\t\t\t\t\n\t\t\t<\/div>\n\t\t\t \t\n\t\t<\/li>\n\t\n<\/ul><div class=\"clear\"><\/div><\/div>\n<\/div>\n<\/div><\/p>","protected":false},"excerpt":{"rendered":"","protected":false},"author":1,"featured_media":0,"parent":0,"menu_order":0,"comment_status":"open","ping_status":"closed","template":"","meta":{"footnotes":""},"class_list":["post-1048","page","type-page","status-publish","hentry"],"yoast_head":"<!-- This site is optimized with the Yoast SEO plugin v27.3 - https:\/\/yoast.com\/product\/yoast-seo-wordpress\/ -->\n<title>Produktion | Mollificio Mazzoni<\/title>\n<meta name=\"description\" content=\"Il mollificio \u00e8 leader nella lavorazione e costruzione di molle a filo, disponiamo anche di tecnologie per la lavorazione della lamiera e dei nastri ovviamente metallici.\" \/>\n<meta name=\"robots\" content=\"noindex, follow, max-snippet:-1, max-image-preview:large, max-video-preview:-1\" \/>\n<meta property=\"og:locale\" content=\"de_DE\" \/>\n<meta property=\"og:type\" content=\"article\" \/>\n<meta property=\"og:title\" content=\"Produktion | Mollificio Mazzoni\" \/>\n<meta property=\"og:description\" content=\"Il mollificio \u00e8 leader nella lavorazione e costruzione di molle a filo, disponiamo anche di tecnologie per la lavorazione della lamiera e dei nastri ovviamente metallici.\" \/>\n<meta property=\"og:url\" content=\"https:\/\/temp.mollificiomazzoni.com\/de\/produzione\/\" \/>\n<meta property=\"og:site_name\" content=\"Mollificio Mazzoni\" \/>\n<meta property=\"article:modified_time\" content=\"2022-05-13T18:42:13+00:00\" \/>\n<meta name=\"twitter:card\" content=\"summary_large_image\" \/>\n<meta name=\"twitter:label1\" content=\"Gesch\u00e4tzte Lesezeit\" \/>\n\t<meta name=\"twitter:data1\" content=\"11\u00a0Minuten\" \/>\n<script type=\"application\/ld+json\" class=\"yoast-schema-graph\">{\"@context\":\"https:\\\/\\\/schema.org\",\"@graph\":[{\"@type\":\"WebPage\",\"@id\":\"https:\\\/\\\/temp.mollificiomazzoni.com\\\/de\\\/produzione\\\/\",\"url\":\"https:\\\/\\\/temp.mollificiomazzoni.com\\\/de\\\/produzione\\\/\",\"name\":\"Produktion | Mollificio Mazzoni\",\"isPartOf\":{\"@id\":\"https:\\\/\\\/temp.mollificiomazzoni.com\\\/de\\\/#website\"},\"datePublished\":\"2012-02-29T23:00:01+00:00\",\"dateModified\":\"2022-05-13T18:42:13+00:00\",\"description\":\"Il mollificio \u00e8 leader nella lavorazione e costruzione di molle a filo, disponiamo anche di tecnologie per la lavorazione della lamiera e dei nastri ovviamente metallici.\",\"breadcrumb\":{\"@id\":\"https:\\\/\\\/temp.mollificiomazzoni.com\\\/de\\\/produzione\\\/#breadcrumb\"},\"inLanguage\":\"de\",\"potentialAction\":[{\"@type\":\"ReadAction\",\"target\":[[\"https:\\\/\\\/temp.mollificiomazzoni.com\\\/de\\\/produzione\\\/\"]]}]},{\"@type\":\"BreadcrumbList\",\"@id\":\"https:\\\/\\\/temp.mollificiomazzoni.com\\\/de\\\/produzione\\\/#breadcrumb\",\"itemListElement\":[{\"@type\":\"ListItem\",\"position\":1,\"name\":\"Home\",\"item\":\"https:\\\/\\\/temp.mollificiomazzoni.com\\\/de\\\/\"},{\"@type\":\"ListItem\",\"position\":2,\"name\":\"Produzione\"}]},{\"@type\":\"WebSite\",\"@id\":\"https:\\\/\\\/temp.mollificiomazzoni.com\\\/de\\\/#website\",\"url\":\"https:\\\/\\\/temp.mollificiomazzoni.com\\\/de\\\/\",\"name\":\"Mollificio Mazzoni\",\"description\":\"Since 1968\",\"potentialAction\":[{\"@type\":\"SearchAction\",\"target\":{\"@type\":\"EntryPoint\",\"urlTemplate\":\"https:\\\/\\\/temp.mollificiomazzoni.com\\\/de\\\/?s={search_term_string}\"},\"query-input\":{\"@type\":\"PropertyValueSpecification\",\"valueRequired\":true,\"valueName\":\"search_term_string\"}}],\"inLanguage\":\"de\"}]}<\/script>\n<!-- \/ Yoast SEO plugin. -->","yoast_head_json":{"title":"Produktion | Mollificio Mazzoni","description":"Il mollificio \u00e8 leader nella lavorazione e costruzione di molle a filo, disponiamo anche di tecnologie per la lavorazione della lamiera e dei nastri ovviamente metallici.","robots":{"index":"noindex","follow":"follow","max-snippet":"max-snippet:-1","max-image-preview":"max-image-preview:large","max-video-preview":"max-video-preview:-1"},"og_locale":"de_DE","og_type":"article","og_title":"Produktion | Mollificio Mazzoni","og_description":"Il mollificio \u00e8 leader nella lavorazione e costruzione di molle a filo, disponiamo anche di tecnologie per la lavorazione della lamiera e dei nastri ovviamente metallici.","og_url":"https:\/\/temp.mollificiomazzoni.com\/de\/produzione\/","og_site_name":"Mollificio Mazzoni","article_modified_time":"2022-05-13T18:42:13+00:00","twitter_card":"summary_large_image","twitter_misc":{"Gesch\u00e4tzte Lesezeit":"11\u00a0Minuten"},"schema":{"@context":"https:\/\/schema.org","@graph":[{"@type":"WebPage","@id":"https:\/\/temp.mollificiomazzoni.com\/de\/produzione\/","url":"https:\/\/temp.mollificiomazzoni.com\/de\/produzione\/","name":"Produktion | Mollificio Mazzoni","isPartOf":{"@id":"https:\/\/temp.mollificiomazzoni.com\/de\/#website"},"datePublished":"2012-02-29T23:00:01+00:00","dateModified":"2022-05-13T18:42:13+00:00","description":"Il mollificio \u00e8 leader nella lavorazione e costruzione di molle a filo, disponiamo anche di tecnologie per la lavorazione della lamiera e dei nastri ovviamente metallici.","breadcrumb":{"@id":"https:\/\/temp.mollificiomazzoni.com\/de\/produzione\/#breadcrumb"},"inLanguage":"de","potentialAction":[{"@type":"ReadAction","target":[["https:\/\/temp.mollificiomazzoni.com\/de\/produzione\/"]]}]},{"@type":"BreadcrumbList","@id":"https:\/\/temp.mollificiomazzoni.com\/de\/produzione\/#breadcrumb","itemListElement":[{"@type":"ListItem","position":1,"name":"Home","item":"https:\/\/temp.mollificiomazzoni.com\/de\/"},{"@type":"ListItem","position":2,"name":"Produzione"}]},{"@type":"WebSite","@id":"https:\/\/temp.mollificiomazzoni.com\/de\/#website","url":"https:\/\/temp.mollificiomazzoni.com\/de\/","name":"Mollificio Mazzoni","description":"Since 1968","potentialAction":[{"@type":"SearchAction","target":{"@type":"EntryPoint","urlTemplate":"https:\/\/temp.mollificiomazzoni.com\/de\/?s={search_term_string}"},"query-input":{"@type":"PropertyValueSpecification","valueRequired":true,"valueName":"search_term_string"}}],"inLanguage":"de"}]}},"_links":{"self":[{"href":"https:\/\/temp.mollificiomazzoni.com\/de\/wp-json\/wp\/v2\/pages\/1048","targetHints":{"allow":["GET"]}}],"collection":[{"href":"https:\/\/temp.mollificiomazzoni.com\/de\/wp-json\/wp\/v2\/pages"}],"about":[{"href":"https:\/\/temp.mollificiomazzoni.com\/de\/wp-json\/wp\/v2\/types\/page"}],"author":[{"embeddable":true,"href":"https:\/\/temp.mollificiomazzoni.com\/de\/wp-json\/wp\/v2\/users\/1"}],"replies":[{"embeddable":true,"href":"https:\/\/temp.mollificiomazzoni.com\/de\/wp-json\/wp\/v2\/comments?post=1048"}],"version-history":[{"count":39,"href":"https:\/\/temp.mollificiomazzoni.com\/de\/wp-json\/wp\/v2\/pages\/1048\/revisions"}],"predecessor-version":[{"id":3317,"href":"https:\/\/temp.mollificiomazzoni.com\/de\/wp-json\/wp\/v2\/pages\/1048\/revisions\/3317"}],"wp:attachment":[{"href":"https:\/\/temp.mollificiomazzoni.com\/de\/wp-json\/wp\/v2\/media?parent=1048"}],"curies":[{"name":"wp","href":"https:\/\/api.w.org\/{rel}","templated":true}]}}